{"id":230,"date":"2022-12-16T10:58:30","date_gmt":"2022-12-16T09:58:30","guid":{"rendered":"https:\/\/www.safegames.ch\/?page_id=230"},"modified":"2023-12-14T15:25:56","modified_gmt":"2023-12-14T14:25:56","slug":"bienvenue","status":"publish","type":"page","link":"https:\/\/www.safegames.ch\/fr\/","title":{"rendered":"Bienvenue"},"content":{"rendered":"\n<p>Les jeux vid\u00e9o ont connu une ascension fulgurante au cours des vingt derni\u00e8res ann\u00e9es. Ils sont devenus un bien culturel respect\u00e9 dans le monde entier et le m\u00e9dia de divertissement le plus porteur. Les jeux vid\u00e9o offrent un grand nombre d&rsquo;opportunit\u00e9s pour la soci\u00e9t\u00e9. Au-del\u00e0 du simple jeu, ils sont utilis\u00e9s avec succ\u00e8s dans le cadre de th\u00e9rapies m\u00e9dicales, pour la transmission de questions politiques, mais aussi pour r\u00e9soudre des probl\u00e8mes scientifiques, comme dans le cas de la science citoyenne, et plus g\u00e9n\u00e9ralement pour le transfert de connaissances et comme moyen de communication.<\/p>\n\n\n\n<p>Mais, comme tout m\u00e9dia, au-del\u00e0 des nombreux avantages que pr\u00e9sentent les jeux vid\u00e9o , il existe toujours le risque d&rsquo;\u00eatre d\u00e9tourn\u00e9 par des personnes ou des groupes mal intentionn\u00e9s. Depuis sa cr\u00e9ation, la <a href=\"http:\/\/www.sgda.ch\/fr\" title=\"\">Swiss Game Developers Association SGDA<\/a> s&rsquo;engage pour que ses membres soient conscients de ces pi\u00e8ges et assument leur responsabilit\u00e9 sociale lors du d\u00e9veloppement.<\/p>\n\n\n\n<p>Projets dans le cadre du plateforme Safe Games:<\/p>\n\n\n\n<div class=\"wp-block-buttons is-content-justification-center is-layout-flex wp-container-core-buttons-is-layout-16018d1d wp-block-buttons-is-layout-flex\">\n<div class=\"wp-block-button\"><a class=\"wp-block-button__link wp-element-button\" href=\"https:\/\/www.safegames.ch\/fr\/swiss-safe-games-guide\/\">Swiss Safe Games Guide<\/a><\/div>\n<\/div>\n\n\n\n<div style=\"height:30px\" aria-hidden=\"true\" class=\"wp-block-spacer\"><\/div>\n\n\n\n<div class=\"wp-block-buttons is-content-justification-center is-layout-flex wp-container-core-buttons-is-layout-16018d1d wp-block-buttons-is-layout-flex\">\n<div class=\"wp-block-button\"><a class=\"wp-block-button__link has-text-align-center wp-element-button\" href=\"https:\/\/www.safegames.ch\/fr\/teacher-power-up-extremism-free-game-experience\/\">Teacher Power Up<\/a><\/div>\n<\/div>\n","protected":false},"excerpt":{"rendered":"<p>Les jeux vid\u00e9o ont connu une ascension fulgurante au cours des vingt derni\u00e8res ann\u00e9es. Ils sont devenus un bien culturel respect\u00e9 dans le monde entier et le m\u00e9dia de divertissement le plus porteur. Les jeux vid\u00e9o offrent un grand nombre d&rsquo;opportunit\u00e9s pour la soci\u00e9t\u00e9. Au-del\u00e0 du simple jeu, ils sont utilis\u00e9s avec succ\u00e8s dans le &#8230; <a title=\"Bienvenue\" class=\"read-more\" href=\"https:\/\/www.safegames.ch\/fr\/\" aria-label=\"Plus sur Bienvenue\">Lire plus<\/a><\/p>\n","protected":false},"author":469,"featured_media":228,"parent":0,"menu_order":0,"comment_status":"closed","ping_status":"closed","template":"","meta":{"footnotes":""},"class_list":{"0":"post-230","1":"page","2":"type-page","3":"status-publish","4":"has-post-thumbnail","6":"no-featured-image-padding"},"aioseo_notices":[],"_links":{"self":[{"href":"https:\/\/www.safegames.ch\/fr\/wp-json\/wp\/v2\/pages\/230","targetHints":{"allow":["GET"]}}],"collection":[{"href":"https:\/\/www.safegames.ch\/fr\/wp-json\/wp\/v2\/pages"}],"about":[{"href":"https:\/\/www.safegames.ch\/fr\/wp-json\/wp\/v2\/types\/page"}],"author":[{"embeddable":true,"href":"https:\/\/www.safegames.ch\/fr\/wp-json\/wp\/v2\/users\/469"}],"replies":[{"embeddable":true,"href":"https:\/\/www.safegames.ch\/fr\/wp-json\/wp\/v2\/comments?post=230"}],"version-history":[{"count":7,"href":"https:\/\/www.safegames.ch\/fr\/wp-json\/wp\/v2\/pages\/230\/revisions"}],"predecessor-version":[{"id":412,"href":"https:\/\/www.safegames.ch\/fr\/wp-json\/wp\/v2\/pages\/230\/revisions\/412"}],"wp:featuredmedia":[{"embeddable":true,"href":"https:\/\/www.safegames.ch\/fr\/wp-json\/wp\/v2\/media\/228"}],"wp:attachment":[{"href":"https:\/\/www.safegames.ch\/fr\/wp-json\/wp\/v2\/media?parent=230"}],"curies":[{"name":"wp","href":"https:\/\/api.w.org\/{rel}","templated":true}]}}