{"id":232,"date":"2023-01-05T14:05:23","date_gmt":"2023-01-05T13:05:23","guid":{"rendered":"https:\/\/www.safegames.ch\/?page_id=232"},"modified":"2023-01-30T17:27:45","modified_gmt":"2023-01-30T16:27:45","slug":"swiss-safe-games-guide","status":"publish","type":"page","link":"https:\/\/www.safegames.ch\/fr\/swiss-safe-games-guide\/","title":{"rendered":"Swiss Safe Games Guide"},"content":{"rendered":"\n<h2 class=\"wp-block-heading\">Les jeux vid\u00e9o comme m\u00e9dia de r\u00e9f\u00e9rence &#8211; opportunit\u00e9s et d\u00e9fis<\/h2>\n\n\n\n<p>Le Swiss Safe Games Guide s&rsquo;adresse aux d\u00e9veloppeurs et concepteurs de jeux vid\u00e9o. Il montre ce qu&rsquo;est l&rsquo;extr\u00e9misme et comment il s&rsquo;exprime \u00e0 travers les&nbsp; jeux vid\u00e9o,&nbsp; et montre comment des extr\u00e9mistes peuvent s\u2019en servir \u00e0 leurs fins. Le guide permet aux d\u00e9veloppeurs d&rsquo;obtenir en peu de temps un aper\u00e7u des informations les plus importantes sur le sujet.<\/p>\n\n\n\n<p>Le Swiss Safe Games Guide a \u00e9t\u00e9 rendu possible gr\u00e2ce au soutien financier de Fedpol.<\/p>\n","protected":false},"excerpt":{"rendered":"<p>Les jeux vid\u00e9o comme m\u00e9dia de r\u00e9f\u00e9rence &#8211; opportunit\u00e9s et d\u00e9fis Le Swiss Safe Games Guide s&rsquo;adresse aux d\u00e9veloppeurs et concepteurs de jeux vid\u00e9o. Il montre ce qu&rsquo;est l&rsquo;extr\u00e9misme et comment il s&rsquo;exprime \u00e0 travers les&nbsp; jeux vid\u00e9o,&nbsp; et montre comment des extr\u00e9mistes peuvent s\u2019en servir \u00e0 leurs fins. Le guide permet aux d\u00e9veloppeurs d&rsquo;obtenir &#8230; <a title=\"Swiss Safe Games Guide\" class=\"read-more\" href=\"https:\/\/www.safegames.ch\/fr\/swiss-safe-games-guide\/\" aria-label=\"Plus sur Swiss Safe Games Guide\">Lire plus<\/a><\/p>\n","protected":false},"author":469,"featured_media":226,"parent":0,"menu_order":0,"comment_status":"closed","ping_status":"closed","template":"","meta":{"footnotes":""},"class_list":{"0":"post-232","1":"page","2":"type-page","3":"status-publish","4":"has-post-thumbnail","6":"no-featured-image-padding"},"aioseo_notices":[],"_links":{"self":[{"href":"https:\/\/www.safegames.ch\/fr\/wp-json\/wp\/v2\/pages\/232","targetHints":{"allow":["GET"]}}],"collection":[{"href":"https:\/\/www.safegames.ch\/fr\/wp-json\/wp\/v2\/pages"}],"about":[{"href":"https:\/\/www.safegames.ch\/fr\/wp-json\/wp\/v2\/types\/page"}],"author":[{"embeddable":true,"href":"https:\/\/www.safegames.ch\/fr\/wp-json\/wp\/v2\/users\/469"}],"replies":[{"embeddable":true,"href":"https:\/\/www.safegames.ch\/fr\/wp-json\/wp\/v2\/comments?post=232"}],"version-history":[{"count":4,"href":"https:\/\/www.safegames.ch\/fr\/wp-json\/wp\/v2\/pages\/232\/revisions"}],"predecessor-version":[{"id":303,"href":"https:\/\/www.safegames.ch\/fr\/wp-json\/wp\/v2\/pages\/232\/revisions\/303"}],"wp:featuredmedia":[{"embeddable":true,"href":"https:\/\/www.safegames.ch\/fr\/wp-json\/wp\/v2\/media\/226"}],"wp:attachment":[{"href":"https:\/\/www.safegames.ch\/fr\/wp-json\/wp\/v2\/media?parent=232"}],"curies":[{"name":"wp","href":"https:\/\/api.w.org\/{rel}","templated":true}]}}