{"id":234,"date":"2023-01-05T13:03:06","date_gmt":"2023-01-05T12:03:06","guid":{"rendered":"https:\/\/www.safegames.ch\/?page_id=234"},"modified":"2023-02-27T12:06:35","modified_gmt":"2023-02-27T11:06:35","slug":"radicalisation-extremisme-et-propagande","status":"publish","type":"page","link":"https:\/\/www.safegames.ch\/fr\/radicalisation-extremisme-et-propagande\/","title":{"rendered":"Radicalisation, extr\u00e9misme et propagande"},"content":{"rendered":"\n<h2 class=\"wp-block-heading\">Comprendre les processus de radicalisation, identifier la radicalisation<\/h2>\n\n\n\n<p>Par radicalisation, on entend un processus par lequel une personne adopte des aspirations politiques, sociales ou religieuses de plus en plus extr\u00eames, allant \u00e9ventuellement jusqu&rsquo;au recours \u00e0 la violence extr\u00eame. Les individus ou les groupes adoptent ainsi de plus en plus un syst\u00e8me de valeurs extr\u00e9miste. Le chemin peut alors passer d&rsquo;une position neutre \u00e0 la sympathie, \u00e0 la justification, voire \u00e0 l&rsquo;approbation d&rsquo;id\u00e9es et d&rsquo;actions extr\u00e9mistes. (Police cantonale de Zurich &#8211; D\u00e9partement de la pr\u00e9vention)<\/p>\n\n\n\n<p>Diff\u00e9rentes raisons peuvent amener des personnes \u00e0 se radicaliser. Le processus de radicalisation n&rsquo;est ni lin\u00e9aire ni pr\u00e9d\u00e9termin\u00e9. Certains facteurs individuels, collectifs, sociaux et psychologiques peuvent favoriser son d\u00e9clenchement. Un \u00e9v\u00e9nement ne peut pas expliquer \u00e0 lui seul le processus de radicalisation. Il est plut\u00f4t le r\u00e9sultat de la rencontre entre une trajectoire de vie individuelle et un syst\u00e8me de valeurs justifiant la violence &#8211; qui peut \u00eatre renforc\u00e9e par une menace per\u00e7ue sur l&rsquo;identit\u00e9 ou la morale et attis\u00e9e par les r\u00e9seaux sociaux, physiques ou virtuels. Il est souvent difficile de dire avec certitude pourquoi une personne commence \u00e0 s&rsquo;int\u00e9resser aux mouvements radicaux, car il n&rsquo;existe pas de profil type des personnes susceptibles de se radicaliser. (R\u00e9seau national de s\u00e9curit\u00e9)<\/p>\n\n\n\n<p>La radicalisation en ligne ne peut en fait pas \u00eatre dissoci\u00e9e des \u00e9v\u00e9nements hors ligne et une s\u00e9paration entre num\u00e9rique et \u00ab\u00a0monde r\u00e9el\u00a0\u00bb est peu pertinente, car l&rsquo;utilisation d&rsquo;Internet fait de plus en plus partie int\u00e9grante de la vie quotidienne. Les structures de l&rsquo;offre d&rsquo;Internet et des m\u00e9dias sociaux (alternatifs) permettent th\u00e9oriquement une auto-radicalisation ind\u00e9pendamment des contacts hors ligne, c&rsquo;est-\u00e0-dire uniquement sur la base du contenu publi\u00e9 &#8211; sans interaction personnelle. Dans la pratique, ce processus n&rsquo;est toutefois gu\u00e8re r\u00e9pandu. (Sophia Rothut, Heidi Schulze, Julian Hohner, Simon Greipl &amp; Diana Rieger)<\/p>\n\n\n\n<p>Certaines conditions peuvent favoriser la vuln\u00e9rabilit\u00e9 \u00e0 la radicalisation. Il s&rsquo;agit des facteurs dits \u00ab\u00a0push\u00a0\u00bb. En ce qui concerne le groupe cible de ce guide, il s&rsquo;agit avant tout de la combinaison des caract\u00e9ristiques suivantes :<\/p>\n\n\n\n<ul class=\"wp-block-list\">\n<li>des crises d&rsquo;identit\u00e9;<\/li>\n\n\n\n<li>angoisses et frustrations politiques, socio-\u00e9conomiques ou sociales;<\/li>\n\n\n\n<li>exp\u00e9rience individuelle et collective de la discrimination, de l&rsquo;hostilit\u00e9, de l&rsquo;humiliation, par exemple en raison de l&rsquo;appartenance religieuse ou de l&rsquo;origine;<\/li>\n\n\n\n<li>m\u00e9contentement social \/ indignation face \u00e0 un traitement injuste d&rsquo;autrui;<\/li>\n\n\n\n<li>manque d&rsquo;int\u00e9gration sociale.<\/li>\n<\/ul>\n\n\n\n<figure class=\"wp-block-table\"><table class=\"has-base-2-background-color has-background\"><tbody><tr><td><strong>L&rsquo;extr\u00e9misme dans le contexte de ce guide<\/strong><br><br>En accord avec la position du Conseil f\u00e9d\u00e9ral, le Swiss Safe Games Guide se base sur une d\u00e9finition absolue de l&rsquo;extr\u00e9misme.<br><br>\u00ab\u00a0Par extr\u00e9misme, le Conseil f\u00e9d\u00e9ral entend les orientations politiques qui rejettent les valeurs de la d\u00e9mocratie lib\u00e9rale et de l&rsquo;\u00c9tat de droit. Sont g\u00e9n\u00e9ralement consid\u00e9r\u00e9s comme extr\u00e9mistes les mouvements et les partis, les id\u00e9es ainsi que les mod\u00e8les d&rsquo;attitude et de comportement qui rejettent l&rsquo;\u00c9tat constitutionnel d\u00e9mocratique, la s\u00e9paration des pouvoirs, le multipartisme et le droit \u00e0 l&rsquo;opposition.<br><br>En lieu et place de l&rsquo;opposition politique, les extr\u00e9mistes font la distinction entre amis et ennemis. En cons\u00e9quence, ils rejettent strictement les autres opinions et int\u00e9r\u00eats et croient en certains objectifs ou lois politico-sociaux pr\u00e9tendument irr\u00e9futables\u00a0\u00bb. (Le Conseil f\u00e9d\u00e9ral)<br><br>\u00ab\u00a0Les extr\u00e9mistes ne se d\u00e9signent pas eux-m\u00eames comme tels. Il n&rsquo;est pas rare qu&rsquo;ils exploitent pour eux-m\u00eames et pour leurs activit\u00e9s les acquis de l&rsquo;ordre lib\u00e9ral et d\u00e9mocratique auquel ils s&rsquo;opposent : entre autres la libert\u00e9 d&rsquo;opinion, de presse, de religion et de r\u00e9union ainsi que la protection juridique.<br><br>Ce qui reste d\u00e9terminant, c&rsquo;est le rejet des valeurs fondamentales de la d\u00e9mocratie et des principes de l&rsquo;ordre, et non la marginalit\u00e9 politique des id\u00e9es extr\u00e9mistes.\u201d (Le Conseil f\u00e9d\u00e9ral)<br><\/td><\/tr><\/tbody><\/table><\/figure>\n\n\n\n<h2 class=\"wp-block-heading\">Jeux sans extr\u00e9misme<\/h2>\n\n\n\n<p>Les groupes extr\u00e9mistes utilisent \u00e9galement le contenu en ligne \u00e0 leurs fins, ils utilisent m\u00eame des jeux pour diffuser leurs id\u00e9ologies. La propagande par le biais de supports d&rsquo;information pertinents (que ce soit sous forme num\u00e9rique, par exemple dans les m\u00e9dias sociaux ou sur papier, ou par contact direct) peut faire la promotion de diff\u00e9rentes formes d&rsquo;extr\u00e9misme. Les formes classiques d&rsquo;extr\u00e9misme sont, par ordre alphab\u00e9tique :<\/p>\n\n\n\n<ul class=\"wp-block-list\">\n<li>le djihadisme,<\/li>\n\n\n\n<li>l&rsquo;ethno-nationalisme,<\/li>\n\n\n\n<li>l&rsquo;extr\u00e9misme de gauche,<\/li>\n\n\n\n<li>l&rsquo;extr\u00e9misme monoth\u00e9matique,<\/li>\n\n\n\n<li>l&rsquo;extr\u00e9misme de droite.<\/li>\n<\/ul>\n\n\n\n<h3 class=\"wp-block-heading\">Comprendre l&rsquo;extr\u00e9misme<\/h3>\n\n\n\n<p>Une grande quantit\u00e9&nbsp; d\u2019outils de propagande extr\u00e9miste violente est disponible en ligne. Les personnes vuln\u00e9rables peuvent y acc\u00e9der par le biais d&rsquo;une recherche ou \u00eatre activement inform\u00e9es par d&rsquo;autres.<\/p>\n\n\n\n<p>Les extr\u00e9mistes ne se consid\u00e8rent pas comme tels. Il n&rsquo;est pas rare qu&rsquo;ils exploitent les acquis de l&rsquo;ordre lib\u00e9ral et d\u00e9mocratique. Ils exploitent les libert\u00e9s d&rsquo;expression, de la presse, de la religion, de la libert\u00e9 d&rsquo;opinion et d&rsquo;expression, la libert\u00e9 de religion et de r\u00e9union ainsi que la protection juridique.<\/p>\n\n\n\n<p>Tout ce qui est extr\u00eame n&rsquo;est pas forc\u00e9ment extr\u00e9miste : ce qui est d\u00e9terminant pour l&rsquo;extr\u00e9misme est le rejet des valeurs fondamentales et des principes d&rsquo;ordre d\u00e9mocratiques et non l&rsquo;extr\u00e9misme. la situation politique marginale. (Le Conseil f\u00e9d\u00e9ral)<\/p>\n\n\n\n<h3 class=\"wp-block-heading\">Narratives<\/h3>\n\n\n\n<p>Un r\u00e9cit est une narration qui donne du sens. Il donne du sens au sein d&rsquo;un groupe de personnes en propageant des valeurs importantes, g\u00e9n\u00e9ralement de mani\u00e8re \u00e9motionnelle. Il est attrayant pour ceux qui d\u00e9fendent ces valeurs.<\/p>\n\n\n\n<p>Tous les r\u00e9cits ne sont pas extr\u00e9mistes : le r\u00e9cit se r\u00e9f\u00e8re \u00e0 une opinion ou \u00e0 un fait empreint d&rsquo;une vision du monde qui est ensuite souvent int\u00e9rioris\u00e9e sous forme de formulation et de slogan faciles \u00e0 m\u00e9moriser. Dans les groupes extr\u00e9mistes, certains r\u00e9cits sont constamment r\u00e9p\u00e9t\u00e9s, approfondis \u00e0 l&rsquo;aide de conf\u00e9rences et d&rsquo;\u00e9crits, pr\u00e9sent\u00e9s de mani\u00e8re graphiquement attrayante et ainsi consolid\u00e9s. Presque toutes les personnes qui se radicalisent adoptent de plus en plus des r\u00e9cits extr\u00e9mistes \u00e0 caract\u00e8re politique, social ou religieux.<\/p>\n\n\n\n<p>Si des personnes de votre entourage utilisent de plus en plus de tels modes de pens\u00e9e et de discours, codes, abr\u00e9viations ou arguments, cela peut \u00eatre le signe d&rsquo;une radicalisation progressive.<\/p>\n\n\n\n<h3 class=\"wp-block-heading\">Exemples de r\u00e9cits individuels de certaines formes d&rsquo;extr\u00e9misme<\/h3>\n\n\n\n<h4 class=\"wp-block-heading\">Djihadisme<\/h4>\n\n\n\n<p>La base de l&rsquo;islamisme, l&rsquo;extr\u00e9misme islamique, est un islam fondamentaliste qui vise \u00e0 \u00e9tablir une soci\u00e9t\u00e9 islamique fond\u00e9e sur des valeurs appropri\u00e9es. Lorsque cette intention est poursuivie par l&rsquo;exercice de la violence, on parle de djihadisme. Voici quelques exemples de r\u00e9cits :<\/p>\n\n\n\n<blockquote class=\"wp-block-quote is-layout-flow wp-block-quote-is-layout-flow\">\n<p><em>\u00ab\u00a0Deviens martyr, entre au paradis !\u00a0\u00bb<\/em><\/p>\n<\/blockquote>\n\n\n\n<blockquote class=\"wp-block-quote is-layout-flow wp-block-quote-is-layout-flow\">\n<p><em>\u00ab\u00a0Les combattants de Dieu n&rsquo;aiment pas la vie, ils aiment la mort !\u00a0\u00bb<\/em><\/p>\n<\/blockquote>\n\n\n\n<blockquote class=\"wp-block-quote is-layout-flow wp-block-quote-is-layout-flow\">\n<p><em>\u00ab\u00a0Seuls les adorateurs d&rsquo;idoles veulent la d\u00e9mocratie !\u00a0\u00bb<\/em><\/p>\n<\/blockquote>\n\n\n\n<h4 class=\"wp-block-heading\">Extr\u00e9misme de gauche<\/h4>\n\n\n\n<p>L&rsquo;extr\u00e9misme de gauche englobe les courants communistes et anarchistes ainsi que les id\u00e9ologies qualifi\u00e9es de r\u00e9volutionnaires qui appellent \u00e0 la r\u00e9sistance contre les structures et institutions \u00e9tatiques. Les personnes d&rsquo;extr\u00eame gauche revendiquent la lutte pour une soci\u00e9t\u00e9 \u00e9galitaire. Les actes de violence peuvent \u00eatre dirig\u00e9s contre des biens mat\u00e9riels, contre les autorit\u00e9s de s\u00e9curit\u00e9 ainsi que contre des repr\u00e9sentants de l&rsquo;\u00e9conomie ou de la politique. Voici quelques exemples de r\u00e9cits :<\/p>\n\n\n\n<blockquote class=\"wp-block-quote is-layout-flow wp-block-quote-is-layout-flow\">\n<p>\u00ab\u00a0Vaincre le fascisme en combattant l&rsquo;\u00c9tat oppresseur !\u00a0\u00bb<\/p>\n<\/blockquote>\n\n\n\n<blockquote class=\"wp-block-quote is-layout-flow wp-block-quote-is-layout-flow\">\n<p><em>\u00ab\u00a0L&rsquo;anarchie contre le capitalisme !\u00a0\u00bb<\/em><\/p>\n<\/blockquote>\n\n\n\n<blockquote class=\"wp-block-quote is-layout-flow wp-block-quote-is-layout-flow\">\n<p><em>\u00ab\u00a0Nous luttons contre les nazis &#8211; Smash right !\u00a0\u00bb<\/em><\/p>\n<\/blockquote>\n\n\n\n<h4 class=\"wp-block-heading\">Extr\u00e9misme de droite<\/h4>\n\n\n\n<p>L&rsquo;extr\u00eame droite s&rsquo;exprime par la x\u00e9nophobie, le racisme ou un nationalisme exacerb\u00e9, la croyance en l&rsquo;in\u00e9galit\u00e9 l\u00e9gitimant la violence. Les appels ou l&rsquo;exercice de la violence s&rsquo;accompagnent d&rsquo;une demande de lois renforc\u00e9es et d&rsquo;actions coh\u00e9rentes adress\u00e9es \u00e0 l&rsquo;\u00c9tat et aux forces de l&rsquo;ordre. La revendication d&rsquo;une violence structurelle par l&rsquo;exclusion peut d\u00e9boucher sur l&rsquo;expulsion ou l&rsquo;extermination de groupements. Voici quelques exemples de r\u00e9cits :<\/p>\n\n\n\n<blockquote class=\"wp-block-quote is-layout-flow wp-block-quote-is-layout-flow\">\n<p><em>\u00ab\u00a0L&rsquo;Holocauste est une invention, il n&rsquo;a jamais eu lieu !\u00a0\u00bb<\/em><\/p>\n<\/blockquote>\n\n\n\n<blockquote class=\"wp-block-quote is-layout-flow wp-block-quote-is-layout-flow\">\n<p><em>Notre identit\u00e9 culturelle est menac\u00e9e &#8211; Halte au grand remplacement !\u00a0\u00bb<\/em><\/p>\n<\/blockquote>\n\n\n\n<blockquote class=\"wp-block-quote is-layout-flow wp-block-quote-is-layout-flow\">\n<p>\u00ab\u00a0<em>Plus la race est pure, plus le chemin est clair !\u00a0\u00bb<\/em><\/p>\n<\/blockquote>\n\n\n\n<h3 class=\"wp-block-heading\">Symboles et sc\u00e8nes<\/h3>\n\n\n\n<p>En Suisse, il n&rsquo;existe pas de liste exhaustive de symboles extr\u00e9mistes interdits. M\u00eame des symboles, ic\u00f4nes, logos, marques, etc. \u00e9tablis et en principe non probl\u00e9matiques peuvent \u00eatre utilis\u00e9s par des groupes extr\u00e9mistes et ne sont donc pas interdits. Ce qui est d\u00e9terminant, c&rsquo;est de savoir si des normes p\u00e9nales sont ainsi viol\u00e9es, par exemple la norme p\u00e9nale contre le racisme, etc. Dans les milieux extr\u00e9mistes, des codes compos\u00e9s de chiffres ou de combinaisons de lettres sont \u00e9galement utilis\u00e9s pour manifester l&rsquo;id\u00e9ologie extr\u00e9miste.<\/p>\n\n\n\n<p>Les milieux extr\u00e9mistes peuvent \u00e9voluer en ligne et hors ligne. Les offres virtuelles ou autres offres en ligne peuvent acc\u00e9l\u00e9rer les dynamiques de radicalisation en augmentant l&rsquo;efficacit\u00e9 et l&rsquo;efficience des processus de communication potentiellement radicalisants. Les groupes extr\u00e9mistes utilisent alors tout le potentiel de l&rsquo;offre. Les contenus multim\u00e9dias, tels que les vid\u00e9os, les podcasts ou les m\u00e8mes, sont produits en fonction des groupes cibles, parfois \u00e0 grands frais. (Sophia Rothut, Heidi Schulze, Julian Hohner, Simon Greipl &amp; Diana Rieger)<\/p>\n\n\n\n<p>En Suisse, les sc\u00e8nes extr\u00e9mistes violentes se composent de mani\u00e8re diff\u00e9rente. Les milieux d&rsquo;extr\u00eame gauche, par exemple, peuvent \u00eatre divis\u00e9s en deux courants principaux : L&rsquo;anarchisme et le marxisme-l\u00e9ninisme. Les milieux d&rsquo;extr\u00eame gauche violents continuent de s&rsquo;orienter sur l&rsquo;actualit\u00e9 internationale et nationale et sont tr\u00e8s bien connect\u00e9s au niveau international. Ces r\u00e9seaux se manifestent \u00e9galement en partie lors d&rsquo;actions violentes.<\/p>\n\n\n\n<p>Les milieux violents d&rsquo;extr\u00eame droite se comportent g\u00e9n\u00e9ralement de mani\u00e8re conspiratrice et font preuve de retenue dans l&rsquo;usage de la violence en Suisse. Il existe donc une grande diff\u00e9rence avec l&rsquo;\u00e9volution dans d&rsquo;autres Etats, notamment l&rsquo;Allemagne, bien qu&rsquo;il existe de nombreuses relations avec ce pays. (Rapport S\u00e9curit\u00e9 Suisse)<\/p>\n\n\n\n<figure class=\"wp-block-table\"><table><tbody><tr><td><strong>Bon \u00e0 savoir<\/strong><br>En Suisse, les efforts organis\u00e9s d&rsquo;un groupe pour abolir la d\u00e9mocratie, des droits de l&rsquo;homme ou de l&rsquo;\u00e9tat de droit ne suffisent pas \u00e0 d\u00e9clencher des mesures pr\u00e9ventives du service de renseignement. Pour atteindre ces objectifs, un groupe doit en outre commettre, encourager ou pr\u00e9coniser des actes de violence. (Le Conseil f\u00e9d\u00e9ral)<\/td><\/tr><\/tbody><\/table><\/figure>\n\n\n\n<h2 class=\"wp-block-heading\">Identifier la propagande<\/h2>\n\n\n\n<p>Il n&rsquo;est pas toujours facile de reconna\u00eetre la propagande extr\u00e9miste, car les arguments avanc\u00e9s sont souvent cr\u00e9dibles et se r\u00e9f\u00e8rent au droit \u00e0 la libert\u00e9 d&rsquo;expression. Souvent, il n&rsquo;y a pas d&rsquo;appel direct et clair \u00e0 enfreindre la loi. Il existe de nombreuses formes de propagande : des conf\u00e9rences lors de manifestations aux supports d&rsquo;information, num\u00e9riques ou analogiques.<\/p>\n\n\n\n<p>Il n&rsquo;y a gu\u00e8re de limites \u00e0 la diffusion de contenus num\u00e9riques : la propagande peut \u00eatre diffus\u00e9e directement d&rsquo;un appareil \u00e0 l&rsquo;autre, mais aussi via des groupes ou des forums, des r\u00e9seaux sociaux, des plateformes m\u00e9diatiques, des canaux crypt\u00e9s, etc. Certains portails sont cr\u00e9\u00e9s par des groupes extr\u00e9mistes pour propager leurs id\u00e9ologies, d&rsquo;autres utilisent des plateformes \u00e9tablies. M\u00eame les m\u00e9dias et les offres sans lien avec l&rsquo;extr\u00e9misme peuvent \u00eatre utilis\u00e9s abusivement pour le travail de propagande extr\u00e9miste et atteindre parfois un large cercle de destinataires. Certains groupes extr\u00e9mistes utilisent abondamment et de mani\u00e8re professionnelle les possibilit\u00e9s offertes par le num\u00e9rique.<\/p>\n\n\n\n<p>La propagande extr\u00e9miste contient souvent les trois \u00e9l\u00e9ments suivants, qui peuvent \u00eatre reconnus, \u00e9valu\u00e9s en cons\u00e9quence et nomm\u00e9s comme suit :<\/p>\n\n\n\n<ul class=\"wp-block-list\">\n<li>La propagande a g\u00e9n\u00e9ralement pour but de d\u00e9noncer une \u00ab\u00a0anomalie\u00a0\u00bb. Elle identifie les responsables pr\u00e9sum\u00e9s de l&rsquo;anomalie et le fait \u00e9galement \u00e0 l&rsquo;aide d&rsquo;\u00e9motions, comme la r\u00e9f\u00e9rence \u00e0 des personnes souffrant innocemment. Elle refl\u00e8te ainsi qui est bon ou mauvais, coupable ou victime.<\/li>\n\n\n\n<li>La propagande montre une solution possible aux probl\u00e8mes identifi\u00e9s : L&rsquo;engagement personnel ou la lutte des individus par l&rsquo;exercice de la violence doit permettre d&rsquo;\u00e9liminer les dysfonctionnements identifi\u00e9s.<\/li>\n\n\n\n<li>La propagande invite ensuite les destinataires \u00e0 agir, l&rsquo;inaction est discr\u00e9dit\u00e9e par la r\u00e9f\u00e9rence \u00e0 une cause pr\u00e9tendument juste et la perspective d&rsquo;un gain est pr\u00e9sent\u00e9e. Selon l&rsquo;id\u00e9ologie, le gain peut \u00eatre aussi bien individuel, par exemple avec la perspective individuelle du paradis dans l&rsquo;au-del\u00e0, que social, par exemple avec des conditions paradisiaques ici-bas.<\/li>\n<\/ul>\n\n\n\n<p>Les autorit\u00e9s polici\u00e8res et douani\u00e8res saisissent le mat\u00e9riel qui peut servir \u00e0 des fins de propagande et dont le contenu incite concr\u00e8tement et s\u00e9rieusement \u00e0 la violence contre des personnes ou des biens. (J\u00fcrg Marcel Tiefenthal) En cas de diffusion de ce mat\u00e9riel par Internet, FEDPOL peut, apr\u00e8s avoir consult\u00e9 le SRC, ordonner la suppression de la page Internet concern\u00e9e si le mat\u00e9riel de propagande se trouve sur un ordinateur suisse ou recommander \u00e0 un fournisseur d&rsquo;acc\u00e8s suisse de bloquer la page Internet concern\u00e9e si le mat\u00e9riel de propagande ne se trouve pas sur un ordinateur suisse (art. 13e, al. 5, let. a et b, LMSI). (Le Conseil f\u00e9d\u00e9ral)<\/p>\n\n\n\n<h3 class=\"wp-block-heading\">Images de l&rsquo;ennemi<\/h3>\n\n\n\n<p>La propagande extr\u00e9miste cr\u00e9e des images de l&rsquo;ennemi ou sert des r\u00e9cits qui les encouragent. En cr\u00e9ant ou en servant des r\u00e9cits de victimes, elle cr\u00e9e une raison de l\u00e9gitimer sa propre vision extr\u00e9miste du monde. En cr\u00e9ant des images de l&rsquo;ennemi, la violence est l\u00e9gitim\u00e9e pour \u00eatre ensuite exerc\u00e9e.<\/p>\n\n\n\n<h3 class=\"wp-block-heading\">D\u00e9shumanisation<\/h3>\n\n\n\n<p>Comme dans tous les processus de stigmatisation, la propagande extr\u00e9miste cherche dans un premier temps \u00e0 d\u00e9personnaliser des groupes ou des ethnies entiers. Dans un deuxi\u00e8me temps, ces groupes consid\u00e9r\u00e9s comme hostiles ont tendance \u00e0 \u00eatre rabaiss\u00e9s ou d\u00e9shumanis\u00e9s. C&rsquo;est ce que l&rsquo;on observe par exemple en qualifiant la population migrante de \u00ab\u00a0cancer\u00a0\u00bb. Les forces de s\u00e9curit\u00e9 sont qualifi\u00e9es de \u00ab\u00a0brutes de l&rsquo;\u00c9tat\u00a0\u00bb contre lesquelles tous les moyens sont bons. Les autres \u00eatres humains sont r\u00e9duits \u00e0 l&rsquo;\u00e9tat de m\u00e9cr\u00e9ants sans valeur qui doivent \u00eatre combattus.<\/p>\n","protected":false},"excerpt":{"rendered":"<p>Comprendre les processus de radicalisation, identifier la radicalisation Par radicalisation, on entend un processus par lequel une personne adopte des aspirations politiques, sociales ou religieuses de plus en plus extr\u00eames, allant \u00e9ventuellement jusqu&rsquo;au recours \u00e0 la violence extr\u00eame. Les individus ou les groupes adoptent ainsi de plus en plus un syst\u00e8me de valeurs extr\u00e9miste. Le &#8230; <a title=\"Radicalisation, extr\u00e9misme et propagande\" class=\"read-more\" href=\"https:\/\/www.safegames.ch\/fr\/radicalisation-extremisme-et-propagande\/\" aria-label=\"Plus sur Radicalisation, extr\u00e9misme et propagande\">Lire plus<\/a><\/p>\n","protected":false},"author":469,"featured_media":222,"parent":0,"menu_order":0,"comment_status":"closed","ping_status":"closed","template":"","meta":{"footnotes":""},"class_list":{"0":"post-234","1":"page","2":"type-page","3":"status-publish","4":"has-post-thumbnail","6":"no-featured-image-padding"},"aioseo_notices":[],"_links":{"self":[{"href":"https:\/\/www.safegames.ch\/fr\/wp-json\/wp\/v2\/pages\/234","targetHints":{"allow":["GET"]}}],"collection":[{"href":"https:\/\/www.safegames.ch\/fr\/wp-json\/wp\/v2\/pages"}],"about":[{"href":"https:\/\/www.safegames.ch\/fr\/wp-json\/wp\/v2\/types\/page"}],"author":[{"embeddable":true,"href":"https:\/\/www.safegames.ch\/fr\/wp-json\/wp\/v2\/users\/469"}],"replies":[{"embeddable":true,"href":"https:\/\/www.safegames.ch\/fr\/wp-json\/wp\/v2\/comments?post=234"}],"version-history":[{"count":4,"href":"https:\/\/www.safegames.ch\/fr\/wp-json\/wp\/v2\/pages\/234\/revisions"}],"predecessor-version":[{"id":342,"href":"https:\/\/www.safegames.ch\/fr\/wp-json\/wp\/v2\/pages\/234\/revisions\/342"}],"wp:featuredmedia":[{"embeddable":true,"href":"https:\/\/www.safegames.ch\/fr\/wp-json\/wp\/v2\/media\/222"}],"wp:attachment":[{"href":"https:\/\/www.safegames.ch\/fr\/wp-json\/wp\/v2\/media?parent=234"}],"curies":[{"name":"wp","href":"https:\/\/api.w.org\/{rel}","templated":true}]}}