{"id":237,"date":"2023-01-05T13:04:34","date_gmt":"2023-01-05T12:04:34","guid":{"rendered":"https:\/\/www.safegames.ch\/?page_id=237"},"modified":"2023-12-14T11:52:01","modified_gmt":"2023-12-14T10:52:01","slug":"que-faire-en-cas-dincident","status":"publish","type":"page","link":"https:\/\/www.safegames.ch\/fr\/que-faire-en-cas-dincident\/","title":{"rendered":"Que faire en cas d&rsquo;incident ?"},"content":{"rendered":"\n<h2 class=\"wp-block-heading\">\u00c9tape 1<\/h2>\n\n\n\n<p>Sois attentif aux caract\u00e9ristiques possibles de la radicalisation, voir aussi le chapitre : <a href=\"https:\/\/www.safegames.ch\/fr\/radicalisation-extremisme-et-propagande\/\" title=\"\">Comprendre les processus de radicalisation, reconna\u00eetre la radicalisation<\/a> : <\/p>\n\n\n\n<ul class=\"wp-block-list\">\n<li>Documenter les incidents. Cela te permettra de garder une vue d&rsquo;ensemble et te servira si tu veux demander de l&rsquo;aide plus tard.<br><\/li>\n\n\n\n<li>V\u00e9rifie si tu as toi-m\u00eame besoin d&rsquo;un soutien.<br><br>Plus t\u00f4t tu identifies un processus de radicalisation d&rsquo;une personne ou d&rsquo;un groupe, plus tu peux assumer toi-m\u00eame la responsabilit\u00e9 d&rsquo;observer et d&rsquo;influencer. Plus la radicalisation est avanc\u00e9e, plus tu dois chercher du soutien et partager cette responsabilit\u00e9.<\/li>\n<\/ul>\n\n\n\n<h2 class=\"wp-block-heading\">\u00c9tape 2<\/h2>\n\n\n\n<p>Parlez \u00e0 une personne de confiance, de pr\u00e9f\u00e9rence une personne impliqu\u00e9e dans le d\u00e9veloppement du jeu. Rassemblez les \u00e9l\u00e9ments qui vous semblent importants en suivant le principe des quatre ou six yeux.<\/p>\n\n\n\n<h2 class=\"wp-block-heading\">\u00c9tape 3<\/h2>\n\n\n\n<p>Si vous arrivez \u00e0 la conclusion que les indices de radicalisation s&rsquo;aggravent ou si vous avez besoin d&rsquo;un soutien suppl\u00e9mentaire, vous pouvez vous adresser \u00e0 la Swiss Game Developers Association. En collaboration avec la personne comp\u00e9tente de l&rsquo;association, vous v\u00e9rifierez si un soutien suppl\u00e9mentaire est n\u00e9cessaire de la part d&rsquo;un centre d&rsquo;accueil ou de conseil, voire de la police, selon les comp\u00e9tences respectives &#8211; voir <a href=\"https:\/\/www.safegames.ch\/fr\/contacts\/\" title=\"\">Contacts<\/a>.<\/p>\n\n\n\n<p>Le cas \u00e9ch\u00e9ant, les services sp\u00e9cialis\u00e9s peuvent vous aider \u00e0 accompagner les personnes susceptibles de se radicaliser. Ils peuvent pr\u00e9senter d&rsquo;autres points de vue ou donner des conseils pour d\u00e9velopper des contre-arguments.<\/p>\n\n\n\n<p>L&rsquo;objectif prioritaire est d&rsquo;aider la personne concern\u00e9e \u00e0 conserver une attitude critique et \u00e0 se construire une identit\u00e9 positive.<\/p>\n\n\n\n<h2 class=\"wp-block-heading\">\u00c9tape 4<\/h2>\n\n\n\n<p>Selon la situation de d\u00e9part, la police peut prendre des mesures pr\u00e9ventives. La mission de la police est de maintenir la tranquillit\u00e9, l&rsquo;ordre et la s\u00e9curit\u00e9 publics. Dans ce but, la police travaille \u00e9galement de mani\u00e8re pr\u00e9ventive : en collaboration avec la population, elle prend des mesures pour d\u00e9tecter et emp\u00eacher \u00e0 temps d&rsquo;\u00e9ventuels d\u00e9lits. (Police cantonale de Zurich &#8211; D\u00e9partement de la pr\u00e9vention, voir <a href=\"https:\/\/www.safegames.ch\/fr\/contacts\/\" title=\"\">Contacts<\/a>)<\/p>\n","protected":false},"excerpt":{"rendered":"<p>\u00c9tape 1 Sois attentif aux caract\u00e9ristiques possibles de la radicalisation, voir aussi le chapitre : Comprendre les processus de radicalisation, reconna\u00eetre la radicalisation : \u00c9tape 2 Parlez \u00e0 une personne de confiance, de pr\u00e9f\u00e9rence une personne impliqu\u00e9e dans le d\u00e9veloppement du jeu. Rassemblez les \u00e9l\u00e9ments qui vous semblent importants en suivant le principe des quatre &#8230; <a title=\"Que faire en cas d&rsquo;incident ?\" class=\"read-more\" href=\"https:\/\/www.safegames.ch\/fr\/que-faire-en-cas-dincident\/\" aria-label=\"Plus sur Que faire en cas d&rsquo;incident ?\">Lire plus<\/a><\/p>\n","protected":false},"author":469,"featured_media":0,"parent":0,"menu_order":0,"comment_status":"closed","ping_status":"closed","template":"","meta":{"footnotes":""},"class_list":{"0":"post-237","1":"page","2":"type-page","3":"status-publish","5":"no-featured-image-padding"},"aioseo_notices":[],"_links":{"self":[{"href":"https:\/\/www.safegames.ch\/fr\/wp-json\/wp\/v2\/pages\/237","targetHints":{"allow":["GET"]}}],"collection":[{"href":"https:\/\/www.safegames.ch\/fr\/wp-json\/wp\/v2\/pages"}],"about":[{"href":"https:\/\/www.safegames.ch\/fr\/wp-json\/wp\/v2\/types\/page"}],"author":[{"embeddable":true,"href":"https:\/\/www.safegames.ch\/fr\/wp-json\/wp\/v2\/users\/469"}],"replies":[{"embeddable":true,"href":"https:\/\/www.safegames.ch\/fr\/wp-json\/wp\/v2\/comments?post=237"}],"version-history":[{"count":3,"href":"https:\/\/www.safegames.ch\/fr\/wp-json\/wp\/v2\/pages\/237\/revisions"}],"predecessor-version":[{"id":381,"href":"https:\/\/www.safegames.ch\/fr\/wp-json\/wp\/v2\/pages\/237\/revisions\/381"}],"wp:attachment":[{"href":"https:\/\/www.safegames.ch\/fr\/wp-json\/wp\/v2\/media?parent=237"}],"curies":[{"name":"wp","href":"https:\/\/api.w.org\/{rel}","templated":true}]}}