{"id":289,"date":"2023-01-05T13:03:56","date_gmt":"2023-01-05T12:03:56","guid":{"rendered":"https:\/\/www.safegames.ch\/?page_id=289"},"modified":"2023-02-27T12:30:26","modified_gmt":"2023-02-27T11:30:26","slug":"a-propos-de-nous","status":"publish","type":"page","link":"https:\/\/www.safegames.ch\/fr\/a-propos-de-nous\/","title":{"rendered":"A propos de nous"},"content":{"rendered":"\n<p><a href=\"https:\/\/www.safegames.ch\/fr\" title=\"\">Safe Games<\/a> est une initiative de la Swiss Game Developers Association SGDA.<\/p>\n\n\n\n<p>La SGDA est la principale association de d\u00e9veloppeurs de jeux vid\u00e9o en Suisse. Elle constitue un r\u00e9seau qui relie tous les acteurs du d\u00e9veloppement de jeux vid\u00e9o. Elle s&rsquo;engage pour une qualit\u00e9 \u00e9lev\u00e9e des jeux vid\u00e9o et une croissance durable de l&rsquo;industrie suisse des jeux vid\u00e9o. La SGDA encourage l&rsquo;\u00e9change de connaissances avec d&rsquo;autres secteurs de la culture, de l&rsquo;\u00e9conomie et de la soci\u00e9t\u00e9.<\/p>\n\n\n\n<p><a href=\"http:\/\/www.sgda.ch\/fr\" title=\"\">www.sgda.ch<\/a><\/p>\n","protected":false},"excerpt":{"rendered":"<p>Safe Games est une initiative de la Swiss Game Developers Association SGDA. La SGDA est la principale association de d\u00e9veloppeurs de jeux vid\u00e9o en Suisse. Elle constitue un r\u00e9seau qui relie tous les acteurs du d\u00e9veloppement de jeux vid\u00e9o. Elle s&rsquo;engage pour une qualit\u00e9 \u00e9lev\u00e9e des jeux vid\u00e9o et une croissance durable de l&rsquo;industrie suisse &#8230; <a title=\"A propos de nous\" class=\"read-more\" href=\"https:\/\/www.safegames.ch\/fr\/a-propos-de-nous\/\" aria-label=\"Plus sur A propos de nous\">Lire plus<\/a><\/p>\n","protected":false},"author":469,"featured_media":0,"parent":0,"menu_order":0,"comment_status":"closed","ping_status":"closed","template":"","meta":{"footnotes":""},"class_list":{"0":"post-289","1":"page","2":"type-page","3":"status-publish","5":"no-featured-image-padding"},"aioseo_notices":[],"_links":{"self":[{"href":"https:\/\/www.safegames.ch\/fr\/wp-json\/wp\/v2\/pages\/289","targetHints":{"allow":["GET"]}}],"collection":[{"href":"https:\/\/www.safegames.ch\/fr\/wp-json\/wp\/v2\/pages"}],"about":[{"href":"https:\/\/www.safegames.ch\/fr\/wp-json\/wp\/v2\/types\/page"}],"author":[{"embeddable":true,"href":"https:\/\/www.safegames.ch\/fr\/wp-json\/wp\/v2\/users\/469"}],"replies":[{"embeddable":true,"href":"https:\/\/www.safegames.ch\/fr\/wp-json\/wp\/v2\/comments?post=289"}],"version-history":[{"count":4,"href":"https:\/\/www.safegames.ch\/fr\/wp-json\/wp\/v2\/pages\/289\/revisions"}],"predecessor-version":[{"id":348,"href":"https:\/\/www.safegames.ch\/fr\/wp-json\/wp\/v2\/pages\/289\/revisions\/348"}],"wp:attachment":[{"href":"https:\/\/www.safegames.ch\/fr\/wp-json\/wp\/v2\/media?parent=289"}],"curies":[{"name":"wp","href":"https:\/\/api.w.org\/{rel}","templated":true}]}}