{"id":297,"date":"2023-01-05T13:02:35","date_gmt":"2023-01-05T12:02:35","guid":{"rendered":"https:\/\/www.safegames.ch\/?page_id=297"},"modified":"2024-02-27T16:57:45","modified_gmt":"2024-02-27T15:57:45","slug":"les-developpeurs-de-jeux-video-en-prennent-note","status":"publish","type":"page","link":"https:\/\/www.safegames.ch\/fr\/les-developpeurs-de-jeux-video-en-prennent-note\/","title":{"rendered":"Les d\u00e9veloppeurs de jeux vid\u00e9o en prennent note !"},"content":{"rendered":"\n<p>Les comportements perturbateurs trouvent leur origine dans divers facteurs. Si les concepteurs de jeux vid\u00e9o ne peuvent pas prendre en compte tous les facteurs, la sensibilisation \u00e0 ces questions et la collaboration avec d&rsquo;autres parties prenantes peuvent aboutir \u00e0 des solutions efficaces.<\/p>\n\n\n\n<h2 class=\"wp-block-heading\">Conception des jeux vid\u00e9o<\/h2>\n\n\n\n<p>Certains \u00e9l\u00e9ments des jeux peuvent favoriser les comportements n\u00e9gatifs. L&rsquo;identification de ces \u00e9l\u00e9ments peut fournir aux d\u00e9veloppeurs de jeux des indications sur les domaines auxquels ils doivent accorder une attention particuli\u00e8re pour \u00e9viter de provoquer des interactions d\u00e9favorables entre les joueurs. Ils favorisent \u00e9galement la connaissance des processus \u00e0 l&rsquo;origine des sch\u00e9mas probl\u00e9matiques.<\/p>\n\n\n\n<p>Les situations de comp\u00e9tition peuvent favoriser une attitude hostile ou une interpr\u00e9tation n\u00e9gative des actions d&rsquo;autrui. Des sources de conflit inutiles, telles que des jeux \u00e0 somme nulle, peuvent cr\u00e9er de l&rsquo;hostilit\u00e9 entre les joueurs, en particulier pour les \u00e9trangers qui n&rsquo;ont pas encore eu l&rsquo;occasion d&rsquo;\u00e9tablir une confiance mutuelle ou une compr\u00e9hension commune. Cela peut rendre difficile l&rsquo;\u00e9tablissement d&rsquo;interactions paisibles.<\/p>\n\n\n\n<p>Les jeux peuvent \u00e9galement inciter \u00e0 l&rsquo;exploitation et \u00e0 la transgression, par exemple lorsque les d\u00e9veloppeurs de jeux cr\u00e9ent des situations qui encouragent les joueurs \u00e0 optimiser leur gameplay, mais les punissent ensuite pour l&rsquo;avoir fait, par exemple en faisant du spawn camping ou du smurfing. Cela peut cr\u00e9er des tensions et emp\u00eacher les joueurs d&rsquo;appr\u00e9cier le jeu. Les d\u00e9veloppeurs devraient chercher \u00e0 cr\u00e9er des opportunit\u00e9s de r\u00e9ussite pour les joueurs et les aider \u00e0 d\u00e9velopper des habitudes saines et constructives, et \u00e9viter de cr\u00e9er des m\u00e9canismes ou des objectifs qui perturbent les autres joueurs, intentionnellement ou par une utilisation r\u00e9guli\u00e8re.<\/p>\n\n\n\n<h2 class=\"wp-block-heading\">Th\u00e8me et ton<\/h2>\n\n\n\n<p>Le th\u00e8me et le ton d&rsquo;un jeu peuvent grandement influencer le comportement et les caract\u00e9ristiques de la communaut\u00e9 qui se forme autour de lui. Ils jouent \u00e9galement un r\u00f4le dans la mani\u00e8re dont les comportements antisociaux sont trait\u00e9s dans le jeu. Il est important de consid\u00e9rer comment le ton et le th\u00e8me du jeu peuvent influencer le comportement des joueurs et cr\u00e9er un environnement qui favorise les interactions sociales positives.<\/p>\n\n\n\n<p>Les jeux qui mettent l&rsquo;accent sur des comportements n\u00e9gatifs tels que la tricherie, le vol, l&#8217;embuscade ou le vol peuvent cr\u00e9er un environnement difficile pour les interactions entre les joueurs et leur rendre plus difficile le d\u00e9veloppement de comportements sociaux positifs. En revanche, les jeux qui encouragent les comportements sociaux et l&#8217;empathie sont plus susceptibles de favoriser des interactions sociales saines entre les joueurs. En outre, la personnalit\u00e9 des personnages des jeux peut \u00e9galement influencer les pens\u00e9es et les comportements des joueurs. La surrepr\u00e9sentation ou la sous-repr\u00e9sentation de certains groupes de personnages dans les jeux peut \u00e9galement avoir des cons\u00e9quences n\u00e9gatives, car elle peut conduire \u00e0 un contr\u00f4le d&rsquo;acc\u00e8s et envoyer un message erron\u00e9 sur l&rsquo;appartenance aux communaut\u00e9s de joueurs.<\/p>\n","protected":false},"excerpt":{"rendered":"<p>Les comportements perturbateurs trouvent leur origine dans divers facteurs. Si les concepteurs de jeux vid\u00e9o ne peuvent pas prendre en compte tous les facteurs, la sensibilisation \u00e0 ces questions et la collaboration avec d&rsquo;autres parties prenantes peuvent aboutir \u00e0 des solutions efficaces. Conception des jeux vid\u00e9o Certains \u00e9l\u00e9ments des jeux peuvent favoriser les comportements n\u00e9gatifs. &#8230; <a title=\"Les d\u00e9veloppeurs de jeux vid\u00e9o en prennent note !\" class=\"read-more\" href=\"https:\/\/www.safegames.ch\/fr\/les-developpeurs-de-jeux-video-en-prennent-note\/\" aria-label=\"Plus sur Les d\u00e9veloppeurs de jeux vid\u00e9o en prennent note !\">Lire plus<\/a><\/p>\n","protected":false},"author":469,"featured_media":0,"parent":0,"menu_order":0,"comment_status":"closed","ping_status":"closed","template":"","meta":{"footnotes":""},"class_list":{"0":"post-297","1":"page","2":"type-page","3":"status-publish","5":"no-featured-image-padding"},"aioseo_notices":[],"_links":{"self":[{"href":"https:\/\/www.safegames.ch\/fr\/wp-json\/wp\/v2\/pages\/297","targetHints":{"allow":["GET"]}}],"collection":[{"href":"https:\/\/www.safegames.ch\/fr\/wp-json\/wp\/v2\/pages"}],"about":[{"href":"https:\/\/www.safegames.ch\/fr\/wp-json\/wp\/v2\/types\/page"}],"author":[{"embeddable":true,"href":"https:\/\/www.safegames.ch\/fr\/wp-json\/wp\/v2\/users\/469"}],"replies":[{"embeddable":true,"href":"https:\/\/www.safegames.ch\/fr\/wp-json\/wp\/v2\/comments?post=297"}],"version-history":[{"count":4,"href":"https:\/\/www.safegames.ch\/fr\/wp-json\/wp\/v2\/pages\/297\/revisions"}],"predecessor-version":[{"id":344,"href":"https:\/\/www.safegames.ch\/fr\/wp-json\/wp\/v2\/pages\/297\/revisions\/344"}],"wp:attachment":[{"href":"https:\/\/www.safegames.ch\/fr\/wp-json\/wp\/v2\/media?parent=297"}],"curies":[{"name":"wp","href":"https:\/\/api.w.org\/{rel}","templated":true}]}}