{"id":369,"date":"2023-12-14T11:29:58","date_gmt":"2023-12-14T10:29:58","guid":{"rendered":"https:\/\/www.safegames.ch\/contacts\/"},"modified":"2024-03-29T11:41:49","modified_gmt":"2024-03-29T10:41:49","slug":"contacts","status":"publish","type":"page","link":"https:\/\/www.safegames.ch\/fr\/contacts\/","title":{"rendered":"Contacts"},"content":{"rendered":"\n<p>Pour des renseignements suppl\u00e9mentaires et des informations approfondies, les sp\u00e9cialistes des organisations suivantes sont \u00e0 votre disposition :<\/p>\n\n\n\n<p>Swiss Game Developers Association SGDA: <a href=\"https:\/\/www.sgda.ch\/de\/kontakt\/\" title=\"\">www.sgda.ch<\/a>&nbsp;<\/p>\n\n\n\n<p>R\u00e9seau national de s\u00e9curit\u00e9: <a href=\"http:\/\/www.svs.admin.ch\/radikalisierung\">www.svs.admin.ch\/radicalisation<\/a>&nbsp;<\/p>\n\n\n\n<p>Interventionsstelle gegen Radikalisierung und gewaltt\u00e4tigen Extremismus (IRE), Z\u00fcrich: <a href=\"http:\/\/www.zh.ch\/extremismus\">www.zh.ch\/extremismus<\/a><\/p>\n","protected":false},"excerpt":{"rendered":"<p>Pour des renseignements suppl\u00e9mentaires et des informations approfondies, les sp\u00e9cialistes des organisations suivantes sont \u00e0 votre disposition : Swiss Game Developers Association SGDA: www.sgda.ch&nbsp; R\u00e9seau national de s\u00e9curit\u00e9: www.svs.admin.ch\/radicalisation&nbsp; Interventionsstelle gegen Radikalisierung und gewaltt\u00e4tigen Extremismus (IRE), Z\u00fcrich: www.zh.ch\/extremismus<\/p>\n","protected":false},"author":469,"featured_media":0,"parent":0,"menu_order":0,"comment_status":"closed","ping_status":"closed","template":"","meta":{"footnotes":""},"class_list":{"0":"post-369","1":"page","2":"type-page","3":"status-publish","5":"no-featured-image-padding"},"aioseo_notices":[],"_links":{"self":[{"href":"https:\/\/www.safegames.ch\/fr\/wp-json\/wp\/v2\/pages\/369","targetHints":{"allow":["GET"]}}],"collection":[{"href":"https:\/\/www.safegames.ch\/fr\/wp-json\/wp\/v2\/pages"}],"about":[{"href":"https:\/\/www.safegames.ch\/fr\/wp-json\/wp\/v2\/types\/page"}],"author":[{"embeddable":true,"href":"https:\/\/www.safegames.ch\/fr\/wp-json\/wp\/v2\/users\/469"}],"replies":[{"embeddable":true,"href":"https:\/\/www.safegames.ch\/fr\/wp-json\/wp\/v2\/comments?post=369"}],"version-history":[{"count":4,"href":"https:\/\/www.safegames.ch\/fr\/wp-json\/wp\/v2\/pages\/369\/revisions"}],"predecessor-version":[{"id":618,"href":"https:\/\/www.safegames.ch\/fr\/wp-json\/wp\/v2\/pages\/369\/revisions\/618"}],"wp:attachment":[{"href":"https:\/\/www.safegames.ch\/fr\/wp-json\/wp\/v2\/media?parent=369"}],"curies":[{"name":"wp","href":"https:\/\/api.w.org\/{rel}","templated":true}]}}