{"id":394,"date":"2023-12-14T13:50:20","date_gmt":"2023-12-14T12:50:20","guid":{"rendered":"https:\/\/www.safegames.ch\/?page_id=394"},"modified":"2023-12-18T16:45:39","modified_gmt":"2023-12-18T15:45:39","slug":"teacher-power-up-extremism-free-game-experience","status":"publish","type":"page","link":"https:\/\/www.safegames.ch\/fr\/teacher-power-up-extremism-free-game-experience\/","title":{"rendered":"Teacher Power Up &#8211; Extremism-Free Game Experience"},"content":{"rendered":"\n<p>La <a href=\"https:\/\/www.sgda.ch\/fr\/\" title=\"\">Swiss Game Developers Association<\/a> (SGDA) lance, apr\u00e8s le <a href=\"https:\/\/www.safegames.ch\/fr\/swiss-safe-games-guide\/\" title=\"\">Swiss Safe Games Guide<\/a> pour les d\u00e9veloppeurs de jeux vid\u00e9o, son deuxi\u00e8me projet dans le cadre de la plateforme Safe Games, intitul\u00e9 Teacher Power-Up \u2013 Extremism-free Game Experience.<\/p>\n\n\n\n<p>L&rsquo;objectif est de fournir aux enseignants et aux animateurs socioculturels de la jeunesse les outils n\u00e9cessaires pour habiliter les jeunes \u00e0 g\u00e9rer les jeux vid\u00e9o. L&rsquo;accent est mis sur les jeux vid\u00e9o o\u00f9 les joueurs sont des &lsquo;prosumers&rsquo;, c&rsquo;est-\u00e0-dire capables de co-cr\u00e9er activement leur monde de jeu vid\u00e9o.<\/p>\n\n\n\n<p>Le projet est une fois de plus \u00e9labor\u00e9 en collaboration avec des partenaires renomm\u00e9s.<\/p>\n\n\n\n<p>Pour plus de renseignements, veuillez utiliser le formulaire de contact :<\/p>\n\n\n\n<div class=\"wp-block-buttons is-layout-flex wp-block-buttons-is-layout-flex\">\n<div class=\"wp-block-button\"><a class=\"wp-block-button__link wp-element-button\" href=\"https:\/\/www.safegames.ch\/fr\/formulaire-de-contact\/\">Formulaire de contact<\/a><\/div>\n<\/div>\n","protected":false},"excerpt":{"rendered":"<p>La Swiss Game Developers Association (SGDA) lance, apr\u00e8s le Swiss Safe Games Guide pour les d\u00e9veloppeurs de jeux vid\u00e9o, son deuxi\u00e8me projet dans le cadre de la plateforme Safe Games, intitul\u00e9 Teacher Power-Up \u2013 Extremism-free Game Experience. L&rsquo;objectif est de fournir aux enseignants et aux animateurs socioculturels de la jeunesse les outils n\u00e9cessaires pour habiliter &#8230; <a title=\"Teacher Power Up &#8211; Extremism-Free Game Experience\" class=\"read-more\" href=\"https:\/\/www.safegames.ch\/fr\/teacher-power-up-extremism-free-game-experience\/\" aria-label=\"Plus sur Teacher Power Up &#8211; Extremism-Free Game Experience\">Lire plus<\/a><\/p>\n","protected":false},"author":469,"featured_media":0,"parent":0,"menu_order":0,"comment_status":"closed","ping_status":"closed","template":"","meta":{"footnotes":""},"class_list":{"0":"post-394","1":"page","2":"type-page","3":"status-publish","5":"no-featured-image-padding"},"aioseo_notices":[],"_links":{"self":[{"href":"https:\/\/www.safegames.ch\/fr\/wp-json\/wp\/v2\/pages\/394","targetHints":{"allow":["GET"]}}],"collection":[{"href":"https:\/\/www.safegames.ch\/fr\/wp-json\/wp\/v2\/pages"}],"about":[{"href":"https:\/\/www.safegames.ch\/fr\/wp-json\/wp\/v2\/types\/page"}],"author":[{"embeddable":true,"href":"https:\/\/www.safegames.ch\/fr\/wp-json\/wp\/v2\/users\/469"}],"replies":[{"embeddable":true,"href":"https:\/\/www.safegames.ch\/fr\/wp-json\/wp\/v2\/comments?post=394"}],"version-history":[{"count":4,"href":"https:\/\/www.safegames.ch\/fr\/wp-json\/wp\/v2\/pages\/394\/revisions"}],"predecessor-version":[{"id":478,"href":"https:\/\/www.safegames.ch\/fr\/wp-json\/wp\/v2\/pages\/394\/revisions\/478"}],"wp:attachment":[{"href":"https:\/\/www.safegames.ch\/fr\/wp-json\/wp\/v2\/media?parent=394"}],"curies":[{"name":"wp","href":"https:\/\/api.w.org\/{rel}","templated":true}]}}