{"id":550,"date":"2022-12-16T10:58:30","date_gmt":"2022-12-16T09:58:30","guid":{"rendered":"https:\/\/www.safegames.ch\/?page_id=550"},"modified":"2024-03-29T11:06:00","modified_gmt":"2024-03-29T10:06:00","slug":"benvenuti","status":"publish","type":"page","link":"https:\/\/www.safegames.ch\/it\/","title":{"rendered":"Benvenuti"},"content":{"rendered":"\n<p>Negli ultimi vent&#8217;anni i videogiochi hanno conosciuto una brillante ascesa. Sono diventati un bene culturale riconosciuto a livello mondiale e il mezzo di intrattenimento pi\u00f9 venduto. I videogiochi offrono un numero incredibile di opportunit\u00e0 per la societ\u00e0. Oltre al gioco, vengono gi\u00e0 utilizzati con successo nel contesto delle terapie mediche, nella comunicazione di questioni politiche, ma anche nella risoluzione di problemi scientifici, come nel caso della citizen science, e in generale per il trasferimento di conoscenze e come mezzo di comunicazione.<\/p>\n\n\n\n<p>Tuttavia, come ogni mezzo di comunicazione, oltre ai numerosi vantaggi, i videogiochi presentano anche il rischio di essere dirottati da persone o gruppi con intenzioni disoneste. Fin dalla sua fondazione, l&#8217;<a href=\"https:\/\/www.sgda.ch\/it\/\" target=\"_blank\" rel=\"noopener\" title=\"\">Associazione di sviluppatori svizzeri di videogiochi SGDA<\/a> si \u00e8 impegnata a garantire che i suoi membri siano consapevoli di questo aspetto e adempiano alla loro responsabilit\u00e0 sociale nello sviluppo dei videogiochi.<\/p>\n\n\n\n<p>Progetti nell&#8217;ambito della piattaforma Safe Games:<\/p>\n\n\n\n<div class=\"wp-block-buttons is-layout-flex wp-block-buttons-is-layout-flex\">\n<div class=\"wp-block-button\"><a class=\"wp-block-button__link wp-element-button\" href=\"https:\/\/www.safegames.ch\/it\/swiss-safe-games-guide\/\">Swiss Safe Games Guide<\/a><\/div>\n<\/div>\n\n\n\n<div style=\"height:30px\" aria-hidden=\"true\" class=\"wp-block-spacer\"><\/div>\n\n\n\n<div class=\"wp-block-buttons is-layout-flex wp-block-buttons-is-layout-flex\">\n<div class=\"wp-block-button\"><a class=\"wp-block-button__link wp-element-button\" href=\"https:\/\/www.safegames.ch\/en\/teacher-power-up-extremism-free-game-experience\/\">Teacher Power Up (EN)<\/a><\/div>\n<\/div>\n","protected":false},"excerpt":{"rendered":"<p>Negli ultimi vent&#8217;anni i videogiochi hanno conosciuto una brillante ascesa. Sono diventati un bene culturale riconosciuto a livello mondiale e il mezzo di intrattenimento pi\u00f9 venduto. I videogiochi offrono un numero incredibile di opportunit\u00e0 per la societ\u00e0. Oltre al gioco, vengono gi\u00e0 utilizzati con successo nel contesto delle terapie mediche, nella comunicazione di questioni politiche, &#8230; <a title=\"Benvenuti\" class=\"read-more\" href=\"https:\/\/www.safegames.ch\/it\/\" aria-label=\"More on Benvenuti\">Leggi tutto<\/a><\/p>\n","protected":false},"author":469,"featured_media":229,"parent":0,"menu_order":0,"comment_status":"closed","ping_status":"closed","template":"","meta":{"footnotes":""},"class_list":{"0":"post-550","1":"page","2":"type-page","3":"status-publish","4":"has-post-thumbnail","6":"no-featured-image-padding"},"aioseo_notices":[],"_links":{"self":[{"href":"https:\/\/www.safegames.ch\/it\/wp-json\/wp\/v2\/pages\/550","targetHints":{"allow":["GET"]}}],"collection":[{"href":"https:\/\/www.safegames.ch\/it\/wp-json\/wp\/v2\/pages"}],"about":[{"href":"https:\/\/www.safegames.ch\/it\/wp-json\/wp\/v2\/types\/page"}],"author":[{"embeddable":true,"href":"https:\/\/www.safegames.ch\/it\/wp-json\/wp\/v2\/users\/469"}],"replies":[{"embeddable":true,"href":"https:\/\/www.safegames.ch\/it\/wp-json\/wp\/v2\/comments?post=550"}],"version-history":[{"count":6,"href":"https:\/\/www.safegames.ch\/it\/wp-json\/wp\/v2\/pages\/550\/revisions"}],"predecessor-version":[{"id":596,"href":"https:\/\/www.safegames.ch\/it\/wp-json\/wp\/v2\/pages\/550\/revisions\/596"}],"wp:featuredmedia":[{"embeddable":true,"href":"https:\/\/www.safegames.ch\/it\/wp-json\/wp\/v2\/media\/229"}],"wp:attachment":[{"href":"https:\/\/www.safegames.ch\/it\/wp-json\/wp\/v2\/media?parent=550"}],"curies":[{"name":"wp","href":"https:\/\/api.w.org\/{rel}","templated":true}]}}