{"id":566,"date":"2023-01-05T13:02:35","date_gmt":"2023-01-05T12:02:35","guid":{"rendered":"https:\/\/www.safegames.ch\/?page_id=566"},"modified":"2024-03-29T10:34:54","modified_gmt":"2024-03-29T09:34:54","slug":"attenzione-agli-sviluppatori-di-videogiochi","status":"publish","type":"page","link":"https:\/\/www.safegames.ch\/it\/attenzione-agli-sviluppatori-di-videogiochi\/","title":{"rendered":"Attenzione agli sviluppatori di videogiochi !"},"content":{"rendered":"\n<p>I comportamenti di disturbo possono essere attribuiti a vari fattori. Sebbene gli sviluppatori di videogiochi\u00a0 non possano tenere conto di tutti i fattori, la consapevolezza di questi problemi e la collaborazione con altre parti interessate possono contribuire a soluzioni efficaci.<\/p>\n\n\n\n<h2 class=\"wp-block-heading\">Game Design<\/h2>\n\n\n\n<p>Alcuni elementi dei videogiochi&nbsp; possono incoraggiare comportamenti negativi. L&#8217;identificazione di queste componenti pu\u00f2 fornire agli sviluppatori di videogiochi&nbsp; indizi su quali aree dovrebbero prestare particolare attenzione per evitare interazioni sfavorevoli tra i giocatori. Inoltre, promuove la conoscenza dei processi che portano a modelli problematici.<\/p>\n\n\n\n<p>Fonti di conflitto non necessarie, come le risorse a somma zero, possono portare all&#8217;ostilit\u00e0 tra i giocatori, soprattutto tra estranei che non hanno ancora avuto l&#8217;opportunit\u00e0 di costruire fiducia o comprensione reciproca. Questo pu\u00f2 rendere difficile stabilire interazioni pacifiche.<\/p>\n\n\n\n<p>I videogiochi\u00a0 possono anche incentivare lo sfruttamento e la trasgressione, ad esempio quando gli sviluppatori creano situazioni che incoraggiano i giocatori a ottimizzare il loro gioco, ma poi li puniscono per averlo fatto, ad esempio attraverso lo spawn camping o lo smurfing. Questo pu\u00f2 portare a tensioni e rovinare il divertimento dei giocatori. Gli sviluppatori di videogiochi\u00a0 dovrebbero puntare a dare ai giocatori l&#8217;opportunit\u00e0 di avere successo e aiutarli a sviluppare abitudini sane e costruttive. Allo stesso tempo, dovrebbero evitare di creare meccanismi o obiettivi che disturbino gli altri giocatori intenzionalmente o attraverso un uso regolare.<\/p>\n\n\n\n<h2 class=\"wp-block-heading\">Principio guida e tono<\/h2>\n\n\n\n<p>Le persone percepiscono il loro ambiente sociale e reagiscono ad esso. Il tono e il leitmotiv di un gioco influenzano le caratteristiche di una comunit\u00e0. Hanno anche un impatto sul modo in cui vengono affrontati i comportamenti antisociali. \u00c8 importante considerare come il tono e il tema del gioco influenzano il comportamento dei giocatori e come creare un ambiente che incoraggi interazioni sociali positive.<\/p>\n\n\n\n<p>I videogiochi&nbsp; che si concentrano su comportamenti negativi come imbrogli, furti, scippi o rapine possono rendere difficile per i giocatori relazionarsi tra loro e sviluppare comportamenti sociali positivi. Al contrario, i videogiochi&nbsp; che promuovono il comportamento sociale e l&#8217;empatia incoraggiano i giocatori a sviluppare comportamenti sani. I personaggi dei videogiochi&nbsp; con personalit\u00e0 antisociali possono influenzare i pensieri e il comportamento dei giocatori. Anche la sovrarappresentazione o la sottorappresentazione di alcuni personaggi pu\u00f2 avere conseguenze negative. La predominanza di un certo gruppo nei videogiochi&nbsp; promuove il gatekeeping e invia un messaggio sbagliato su chi appartiene alle comunit\u00e0 di gioco.<\/p>\n","protected":false},"excerpt":{"rendered":"<p>I comportamenti di disturbo possono essere attribuiti a vari fattori. Sebbene gli sviluppatori di videogiochi\u00a0 non possano tenere conto di tutti i fattori, la consapevolezza di questi problemi e la collaborazione con altre parti interessate possono contribuire a soluzioni efficaci. Game Design Alcuni elementi dei videogiochi&nbsp; possono incoraggiare comportamenti negativi. L&#8217;identificazione di queste componenti pu\u00f2 &#8230; <a title=\"Attenzione agli sviluppatori di videogiochi !\" class=\"read-more\" href=\"https:\/\/www.safegames.ch\/it\/attenzione-agli-sviluppatori-di-videogiochi\/\" aria-label=\"More on Attenzione agli sviluppatori di videogiochi !\">Leggi tutto<\/a><\/p>\n","protected":false},"author":469,"featured_media":0,"parent":0,"menu_order":0,"comment_status":"closed","ping_status":"closed","template":"","meta":{"footnotes":""},"class_list":{"0":"post-566","1":"page","2":"type-page","3":"status-publish","5":"no-featured-image-padding"},"aioseo_notices":[],"_links":{"self":[{"href":"https:\/\/www.safegames.ch\/it\/wp-json\/wp\/v2\/pages\/566","targetHints":{"allow":["GET"]}}],"collection":[{"href":"https:\/\/www.safegames.ch\/it\/wp-json\/wp\/v2\/pages"}],"about":[{"href":"https:\/\/www.safegames.ch\/it\/wp-json\/wp\/v2\/types\/page"}],"author":[{"embeddable":true,"href":"https:\/\/www.safegames.ch\/it\/wp-json\/wp\/v2\/users\/469"}],"replies":[{"embeddable":true,"href":"https:\/\/www.safegames.ch\/it\/wp-json\/wp\/v2\/comments?post=566"}],"version-history":[{"count":1,"href":"https:\/\/www.safegames.ch\/it\/wp-json\/wp\/v2\/pages\/566\/revisions"}],"predecessor-version":[{"id":567,"href":"https:\/\/www.safegames.ch\/it\/wp-json\/wp\/v2\/pages\/566\/revisions\/567"}],"wp:attachment":[{"href":"https:\/\/www.safegames.ch\/it\/wp-json\/wp\/v2\/media?parent=566"}],"curies":[{"name":"wp","href":"https:\/\/api.w.org\/{rel}","templated":true}]}}