{"id":568,"date":"2023-01-05T13:04:34","date_gmt":"2023-01-05T12:04:34","guid":{"rendered":"https:\/\/www.safegames.ch\/?page_id=568"},"modified":"2024-03-29T10:36:42","modified_gmt":"2024-03-29T09:36:42","slug":"cosa-fare-in-caso-di-incidente","status":"publish","type":"page","link":"https:\/\/www.safegames.ch\/it\/cosa-fare-in-caso-di-incidente\/","title":{"rendered":"Cosa fare in caso di incidente?"},"content":{"rendered":"\n<h2 class=\"wp-block-heading\">Passo 1<\/h2>\n\n\n\n<p>Fare attenzione ai possibili segnali di radicalizzazione, vedi anche il capitolo:<br><em><a href=\"https:\/\/www.safegames.ch\/it\/radicalizzazione-estremismo-e-propaganda\/\" title=\"\">Comprendere i processi di radicalizzazione, riconoscere la radicalizzazione<\/a>:<\/em><\/p>\n\n\n\n<ul class=\"wp-block-list\">\n<li>Documentate gli incidenti. In questo modo sar\u00e0 pi\u00f9 facile avere una visione d&#8217;insieme e vi aiuter\u00e0 se avrete bisogno di ulteriore aiuto in seguito.<\/li>\n\n\n\n<li>Verificate se avete bisogno di supporto.<br><br>Quanto prima si riconosce il processo di radicalizzazione di una persona o di un gruppo, tanto prima si pu\u00f2 assumere la responsabilit\u00e0 di monitorare e influenzarlo. Pi\u00f9 il processo di radicalizzazione \u00e8 avanzato, pi\u00f9 \u00e8 probabile che dobbiate cercare supporto e condividere questa responsabilit\u00e0.<\/li>\n<\/ul>\n\n\n\n<h2 class=\"wp-block-heading\">Passo 2<\/h2>\n\n\n\n<p>Parlate con una persona fidata, preferibilmente qualcuno coinvolto nello sviluppo del gioco. Utilizzate il principio dei 4 o 6 occhi per riassumere ci\u00f2 che vi sembra importante.<\/p>\n\n\n\n<h2 class=\"wp-block-heading\">Passo 3<\/h2>\n\n\n\n<p>Se si giunge alla conclusione che gli indizi di radicalizzazione sono sempre pi\u00f9 forti o se si ha bisogno di ulteriore supporto, \u00e8 possibile contattare l&#8217;Associazione svizzera degli sviluppatori di videogiochi. Insieme alla persona responsabile dell&#8217;associazione, potete verificare se \u00e8 necessario un ulteriore supporto da parte di un centro di contatto o di consulenza o anche della polizia, in base alla giurisdizione pertinente (vedi appendice <em><a href=\"https:\/\/www.safegames.ch\/it\/contatti\/\" title=\"\">Contatti<\/a><\/em>).<\/p>\n\n\n\n<p>I centri specializzati possono aiutarvi a sostenere le persone suscettibili di radicalizzazione. Possono indicare altri punti di vista o dare consigli per sviluppare controargomentazioni.<\/p>\n\n\n\n<p>L&#8217;obiettivo principale \u00e8 aiutare la persona interessata a mantenere un atteggiamento critico e a costruire un&#8217;identit\u00e0 positiva.<\/p>\n\n\n\n<h2 class=\"wp-block-heading\">Passo 4<\/h2>\n\n\n\n<p>A seconda della situazione, la polizia pu\u00f2 adottare misure preventive. Il compito della polizia \u00e8 quello di mantenere la pace, l&#8217;ordine e la sicurezza pubblica. A tal fine, la polizia opera anche a livello preventivo: in collaborazione con la popolazione, adotta misure per riconoscere e prevenire precocemente possibili reati. (Kantonspolizei Z\u00fcrich \u2013 Pr\u00e4ventionsabteilung &#8211; vedi <em><a href=\"https:\/\/www.safegames.ch\/it\/contatti\/\" title=\"\">Contatti<\/a><\/em>)<\/p>\n","protected":false},"excerpt":{"rendered":"<p>Passo 1 Fare attenzione ai possibili segnali di radicalizzazione, vedi anche il capitolo:Comprendere i processi di radicalizzazione, riconoscere la radicalizzazione: Passo 2 Parlate con una persona fidata, preferibilmente qualcuno coinvolto nello sviluppo del gioco. Utilizzate il principio dei 4 o 6 occhi per riassumere ci\u00f2 che vi sembra importante. Passo 3 Se si giunge alla &#8230; <a title=\"Cosa fare in caso di incidente?\" class=\"read-more\" href=\"https:\/\/www.safegames.ch\/it\/cosa-fare-in-caso-di-incidente\/\" aria-label=\"More on Cosa fare in caso di incidente?\">Leggi tutto<\/a><\/p>\n","protected":false},"author":469,"featured_media":0,"parent":0,"menu_order":0,"comment_status":"closed","ping_status":"closed","template":"","meta":{"footnotes":""},"class_list":{"0":"post-568","1":"page","2":"type-page","3":"status-publish","5":"no-featured-image-padding"},"aioseo_notices":[],"_links":{"self":[{"href":"https:\/\/www.safegames.ch\/it\/wp-json\/wp\/v2\/pages\/568","targetHints":{"allow":["GET"]}}],"collection":[{"href":"https:\/\/www.safegames.ch\/it\/wp-json\/wp\/v2\/pages"}],"about":[{"href":"https:\/\/www.safegames.ch\/it\/wp-json\/wp\/v2\/types\/page"}],"author":[{"embeddable":true,"href":"https:\/\/www.safegames.ch\/it\/wp-json\/wp\/v2\/users\/469"}],"replies":[{"embeddable":true,"href":"https:\/\/www.safegames.ch\/it\/wp-json\/wp\/v2\/comments?post=568"}],"version-history":[{"count":3,"href":"https:\/\/www.safegames.ch\/it\/wp-json\/wp\/v2\/pages\/568\/revisions"}],"predecessor-version":[{"id":580,"href":"https:\/\/www.safegames.ch\/it\/wp-json\/wp\/v2\/pages\/568\/revisions\/580"}],"wp:attachment":[{"href":"https:\/\/www.safegames.ch\/it\/wp-json\/wp\/v2\/media?parent=568"}],"curies":[{"name":"wp","href":"https:\/\/api.w.org\/{rel}","templated":true}]}}