{"id":570,"date":"2023-12-14T11:29:58","date_gmt":"2023-12-14T10:29:58","guid":{"rendered":"https:\/\/www.safegames.ch\/contatti\/"},"modified":"2024-03-29T11:07:56","modified_gmt":"2024-03-29T10:07:56","slug":"contatti","status":"publish","type":"page","link":"https:\/\/www.safegames.ch\/it\/contatti\/","title":{"rendered":"Contatti"},"content":{"rendered":"\n<p>Per ulteriori informazioni, contattare gli specialisti delle seguenti organizzazioni:<\/p>\n\n\n\n<p>Swiss Game Developers Association SGDA: <a href=\"https:\/\/www.sgda.ch\/it\/contatto\/\" target=\"_blank\" rel=\"noopener\" title=\"\">www.sgda.ch<\/a>\u00a0<\/p>\n\n\n\n<p>Rete integrata Svizzera per la sicurezza RSS: <a href=\"https:\/\/www.svs.admin.ch\/it\/temi\/praevention-radikalisierung.html\" target=\"_blank\" rel=\"noopener\" title=\"\">www.svs.admin.ch\/radicalizzazione<\/a>\u00a0<\/p>\n\n\n\n<p>Kantonspolizei Z\u00fcrich \u2013 Pr\u00e4ventionsabteilung, Interventionsstelle gegen Radikalisierung und gewaltt\u00e4tigen Extremismus (IRE), Z\u00fcrich: <a href=\"http:\/\/www.zh.ch\/extremismus\" target=\"_blank\" rel=\"noopener\" title=\"\">www.zh.ch\/extremismus<\/a><\/p>\n","protected":false},"excerpt":{"rendered":"<p>Per ulteriori informazioni, contattare gli specialisti delle seguenti organizzazioni: Swiss Game Developers Association SGDA: www.sgda.ch\u00a0 Rete integrata Svizzera per la sicurezza RSS: www.svs.admin.ch\/radicalizzazione\u00a0 Kantonspolizei Z\u00fcrich \u2013 Pr\u00e4ventionsabteilung, Interventionsstelle gegen Radikalisierung und gewaltt\u00e4tigen Extremismus (IRE), Z\u00fcrich: www.zh.ch\/extremismus<\/p>\n","protected":false},"author":469,"featured_media":0,"parent":0,"menu_order":0,"comment_status":"closed","ping_status":"closed","template":"","meta":{"footnotes":""},"class_list":{"0":"post-570","1":"page","2":"type-page","3":"status-publish","5":"no-featured-image-padding"},"aioseo_notices":[],"_links":{"self":[{"href":"https:\/\/www.safegames.ch\/it\/wp-json\/wp\/v2\/pages\/570","targetHints":{"allow":["GET"]}}],"collection":[{"href":"https:\/\/www.safegames.ch\/it\/wp-json\/wp\/v2\/pages"}],"about":[{"href":"https:\/\/www.safegames.ch\/it\/wp-json\/wp\/v2\/types\/page"}],"author":[{"embeddable":true,"href":"https:\/\/www.safegames.ch\/it\/wp-json\/wp\/v2\/users\/469"}],"replies":[{"embeddable":true,"href":"https:\/\/www.safegames.ch\/it\/wp-json\/wp\/v2\/comments?post=570"}],"version-history":[{"count":4,"href":"https:\/\/www.safegames.ch\/it\/wp-json\/wp\/v2\/pages\/570\/revisions"}],"predecessor-version":[{"id":599,"href":"https:\/\/www.safegames.ch\/it\/wp-json\/wp\/v2\/pages\/570\/revisions\/599"}],"wp:attachment":[{"href":"https:\/\/www.safegames.ch\/it\/wp-json\/wp\/v2\/media?parent=570"}],"curies":[{"name":"wp","href":"https:\/\/api.w.org\/{rel}","templated":true}]}}